{"id":8872,"date":"2025-07-06T13:38:38","date_gmt":"2025-07-06T13:38:38","guid":{"rendered":"https:\/\/rentacarpegasus.com\/ofislerimiz\/fethiye-mugla\/"},"modified":"2025-08-24T07:43:38","modified_gmt":"2025-08-24T07:43:38","slug":"fethiye-mugla","status":"publish","type":"page","link":"https:\/\/rentacarpegasus.com\/tr\/ofislerimiz\/fethiye-mugla\/","title":{"rendered":"Fethiye \/ MU\u011eLA"},"content":{"rendered":"\t\t<div data-elementor-type=\"wp-page\" data-elementor-id=\"8872\" class=\"elementor elementor-8872 elementor-8450\" data-elementor-post-type=\"page\">\n\t\t\t\t\t\t<section class=\"elementor-section elementor-top-section elementor-element elementor-element-46d8cbb3 elementor-section-boxed elementor-section-height-default elementor-section-height-default sc_fly_static\" data-id=\"46d8cbb3\" data-element_type=\"section\">\n\t\t\t\t\t\t<div class=\"elementor-container elementor-column-gap-extended\">\n\t\t\t\t\t<div class=\"elementor-column elementor-col-50 elementor-top-column elementor-element elementor-element-9ce58d5 sc_content_align_inherit sc_layouts_column_icons_position_left sc_fly_static\" data-id=\"9ce58d5\" data-element_type=\"column\">\n\t\t\t<div class=\"elementor-widget-wrap elementor-element-populated\">\n\t\t\t\t\t\t<div class=\"elementor-element elementor-element-33161a79 sc_fly_static elementor-widget elementor-widget-image\" data-id=\"33161a79\" data-element_type=\"widget\" data-widget_type=\"image.default\">\n\t\t\t\t<div class=\"elementor-widget-container\">\n\t\t\t\t\t\t\t\t\t\t\t\t\t\t\t<img fetchpriority=\"high\" decoding=\"async\" width=\"1536\" height=\"1024\" src=\"https:\/\/rentacarpegasus.com\/wp-content\/uploads\/2025\/07\/pegasus_merkez_airport_2025_rentacarpegasus.webp\" class=\"attachment-full size-full wp-image-8841\" alt=\"\" \/>\t\t\t\t\t\t\t\t\t\t\t\t\t\t\t<\/div>\n\t\t\t\t<\/div>\n\t\t\t\t\t<\/div>\n\t\t<\/div>\n\t\t\t\t<div class=\"elementor-column elementor-col-50 elementor-top-column elementor-element elementor-element-1c8ff548 sc_content_align_inherit sc_layouts_column_icons_position_left sc_fly_static\" data-id=\"1c8ff548\" data-element_type=\"column\">\n\t\t\t<div class=\"elementor-widget-wrap elementor-element-populated\">\n\t\t\t\t\t\t<div class=\"elementor-element elementor-element-7c92c968 sc_fly_static elementor-widget elementor-widget-text-editor\" data-id=\"7c92c968\" data-element_type=\"widget\" data-widget_type=\"text-editor.default\">\n\t\t\t\t<div class=\"elementor-widget-container\">\n\t\t\t\t\t\t\t\t\t<div class=\"elementor-element elementor-element-eb305d3 sc_fly_static elementor-widget elementor-widget-heading trx_addons_parallax_layers_inited trx_addons_parallax_blocks_inited\" data-id=\"eb305d3\" data-element_type=\"widget\" data-widget_type=\"heading.default\"><div class=\"elementor-widget-container\"><h4 class=\"elementor-heading-title elementor-size-default\">Fethiye \/ MU\u011eLA<\/h4><\/div><\/div><div class=\"elementor-element elementor-element-2474c3b sc_fly_static elementor-widget elementor-widget-spacer trx_addons_parallax_layers_inited trx_addons_parallax_blocks_inited\" data-id=\"2474c3b\" data-element_type=\"widget\" data-widget_type=\"spacer.default\"><div class=\"elementor-widget-container\"><div class=\"elementor-spacer\"><div class=\"elementor-spacer-inner\"> <\/div><\/div><\/div><\/div><div class=\"elementor-element elementor-element-70f8cad animation_type_block sc_fly_static elementor-widget elementor-widget-trx_sc_icons trx_addons_parallax_layers_inited trx_addons_parallax_blocks_inited animated rentic-fadeinup\" data-animation-type=\"block\" data-id=\"70f8cad\" data-element_type=\"widget\" data-settings=\"{\" data-widget_type=\"trx_sc_icons.default\"><div class=\"elementor-widget-container\"><div class=\"sc_icons sc_icons_simple sc_icons_size_small sc_align_none\"><div class=\"sc_icons_item with_more\"><div class=\"sc_icons_icon sc_icon_type_ icon-marker\"> <\/div><div class=\"sc_icons_item_details\"><div class=\"sc_icons_item_description\">Yeni Mahalle Adnan Menderes Caddesi No:224Fethiye \/ Mu\u011fla<\/div><\/div><\/div><div class=\"sc_icons_item sc_icons_item_linked with_more\"><div class=\"sc_icons_icon sc_icon_type_ icon-iphone\"> <\/div><div class=\"sc_icons_item_details\"><a class=\"sc_icons_item_more_link\" href=\"tel:+905061676167\"><span class=\"link_text\">+90 506 167 6 167<\/span><\/a><\/div><\/div><div class=\"sc_icons_item with_more\"><div class=\"sc_icons_icon sc_icon_type_ icon-envelope-2\"> <\/div><div class=\"sc_icons_item_details\"><div class=\"sc_icons_item_description\"><a class=\"underline_hover\" href=\"mailto:info@rentacarpegasus.com\">info@rentacarpegasus.com<\/a><\/div><\/div><\/div><\/div><\/div><\/div>\t\t\t\t\t\t\t\t<\/div>\n\t\t\t\t<\/div>\n\t\t\t\t\t<\/div>\n\t\t<\/div>\n\t\t\t\t\t<\/div>\n\t\t<\/section>\n\t\t\t\t<section class=\"elementor-section elementor-top-section elementor-element elementor-element-72cb43dd elementor-section-boxed elementor-section-height-default elementor-section-height-default sc_fly_static\" data-id=\"72cb43dd\" data-element_type=\"section\">\n\t\t\t\t\t\t<div class=\"elementor-container elementor-column-gap-extended\">\n\t\t\t\t\t<div class=\"elementor-column elementor-col-100 elementor-top-column elementor-element elementor-element-1b90ee0e sc_content_align_inherit sc_layouts_column_icons_position_left sc_fly_static\" data-id=\"1b90ee0e\" data-element_type=\"column\">\n\t\t\t<div class=\"elementor-widget-wrap\">\n\t\t\t\t\t\t\t<\/div>\n\t\t<\/div>\n\t\t\t\t\t<\/div>\n\t\t<\/section>\n\t\t\t\t<\/div>\n\t\t","protected":false},"excerpt":{"rendered":"<p>Fethiye \/ MU\u011eLA Yeni Mahalle Adnan Menderes Caddesi No:224Fethiye \/ Mu\u011fla +90 506 167 6 167 info@rentacarpegasus.com<\/p>\n","protected":false},"author":1,"featured_media":0,"parent":8868,"menu_order":0,"comment_status":"closed","ping_status":"closed","template":"","meta":{"footnotes":""},"class_list":["post-8872","page","type-page","status-publish","hentry"],"yoast_head":"<!-- This site is optimized with the Yoast SEO plugin v26.0 - https:\/\/yoast.com\/wordpress\/plugins\/seo\/ -->\n<title>Fethiye \/ MU\u011eLA - Pegasus Rent a Car<\/title>\n<meta name=\"description\" content=\"Pegasus Rent a Car , Yeni Mahalle Adnan Menderes Caddesi No:224Fethiye \/ Mu\u011fla . G\u00fcnl\u00fck - Haftal\u0131k - Ayl\u0131k Kiralamalar\" \/>\n<meta name=\"robots\" content=\"index, follow, max-snippet:-1, max-image-preview:large, max-video-preview:-1\" \/>\n<link rel=\"canonical\" href=\"https:\/\/rentacarpegasus.com\/tr\/ofislerimiz\/fethiye-mugla\/\" \/>\n<meta property=\"og:locale\" content=\"tr_TR\" \/>\n<meta property=\"og:type\" content=\"article\" \/>\n<meta property=\"og:title\" content=\"Fethiye \/ MU\u011eLA - Pegasus Rent a Car\" \/>\n<meta property=\"og:description\" content=\"Pegasus Rent a Car , Yeni Mahalle Adnan Menderes Caddesi No:224Fethiye \/ Mu\u011fla . G\u00fcnl\u00fck - Haftal\u0131k - Ayl\u0131k Kiralamalar\" \/>\n<meta property=\"og:url\" content=\"https:\/\/rentacarpegasus.com\/tr\/ofislerimiz\/fethiye-mugla\/\" \/>\n<meta property=\"og:site_name\" content=\"Pegasus Rent a Car\" \/>\n<meta property=\"article:publisher\" content=\"https:\/\/www.facebook.com\/pegasusrentacar\" \/>\n<meta property=\"article:modified_time\" content=\"2025-08-24T07:43:38+00:00\" \/>\n<meta property=\"og:image\" content=\"https:\/\/rentacarpegasus.com\/wp-content\/uploads\/2025\/07\/pegasus_merkez_airport_2025_rentacarpegasus.webp\" \/>\n\t<meta property=\"og:image:width\" content=\"1536\" \/>\n\t<meta property=\"og:image:height\" content=\"1024\" \/>\n\t<meta property=\"og:image:type\" content=\"image\/jpeg\" \/>\n<meta name=\"twitter:card\" content=\"summary_large_image\" \/>\n<script type=\"application\/ld+json\" class=\"yoast-schema-graph\">{\"@context\":\"https:\/\/schema.org\",\"@graph\":[{\"@type\":\"WebPage\",\"@id\":\"https:\/\/rentacarpegasus.com\/tr\/ofislerimiz\/fethiye-mugla\/\",\"url\":\"https:\/\/rentacarpegasus.com\/tr\/ofislerimiz\/fethiye-mugla\/\",\"name\":\"Fethiye \/ MU\u011eLA - Pegasus Rent a Car\",\"isPartOf\":{\"@id\":\"https:\/\/rentacarpegasus.com\/#website\"},\"primaryImageOfPage\":{\"@id\":\"https:\/\/rentacarpegasus.com\/tr\/ofislerimiz\/fethiye-mugla\/#primaryimage\"},\"image\":{\"@id\":\"https:\/\/rentacarpegasus.com\/tr\/ofislerimiz\/fethiye-mugla\/#primaryimage\"},\"thumbnailUrl\":\"https:\/\/rentacarpegasus.com\/wp-content\/uploads\/2025\/07\/pegasus_merkez_airport_2025_rentacarpegasus.webp\",\"datePublished\":\"2025-07-06T13:38:38+00:00\",\"dateModified\":\"2025-08-24T07:43:38+00:00\",\"description\":\"Pegasus Rent a Car , Yeni Mahalle Adnan Menderes Caddesi No:224Fethiye \/ Mu\u011fla . G\u00fcnl\u00fck - Haftal\u0131k - Ayl\u0131k Kiralamalar\",\"breadcrumb\":{\"@id\":\"https:\/\/rentacarpegasus.com\/tr\/ofislerimiz\/fethiye-mugla\/#breadcrumb\"},\"inLanguage\":\"tr\",\"potentialAction\":[{\"@type\":\"ReadAction\",\"target\":[\"https:\/\/rentacarpegasus.com\/tr\/ofislerimiz\/fethiye-mugla\/\"]}]},{\"@type\":\"ImageObject\",\"inLanguage\":\"tr\",\"@id\":\"https:\/\/rentacarpegasus.com\/tr\/ofislerimiz\/fethiye-mugla\/#primaryimage\",\"url\":\"https:\/\/rentacarpegasus.com\/wp-content\/uploads\/2025\/07\/pegasus_merkez_airport_2025_rentacarpegasus.webp\",\"contentUrl\":\"https:\/\/rentacarpegasus.com\/wp-content\/uploads\/2025\/07\/pegasus_merkez_airport_2025_rentacarpegasus.webp\"},{\"@type\":\"BreadcrumbList\",\"@id\":\"https:\/\/rentacarpegasus.com\/tr\/ofislerimiz\/fethiye-mugla\/#breadcrumb\",\"itemListElement\":[{\"@type\":\"ListItem\",\"position\":1,\"name\":\"Home\",\"item\":\"https:\/\/rentacarpegasus.com\/\"},{\"@type\":\"ListItem\",\"position\":2,\"name\":\"Ofislerimiz\",\"item\":\"https:\/\/rentacarpegasus.com\/tr\/ofislerimiz\/\"},{\"@type\":\"ListItem\",\"position\":3,\"name\":\"Fethiye \/ MU\u011eLA\"}]},{\"@type\":\"WebSite\",\"@id\":\"https:\/\/rentacarpegasus.com\/#website\",\"url\":\"https:\/\/rentacarpegasus.com\/\",\"name\":\"Pegasus Rent a Car\",\"description\":\"Daily \u2022 Weekly \u2022 Monthly Rentals\",\"publisher\":{\"@id\":\"https:\/\/rentacarpegasus.com\/#organization\"},\"potentialAction\":[{\"@type\":\"SearchAction\",\"target\":{\"@type\":\"EntryPoint\",\"urlTemplate\":\"https:\/\/rentacarpegasus.com\/?s={search_term_string}\"},\"query-input\":{\"@type\":\"PropertyValueSpecification\",\"valueRequired\":true,\"valueName\":\"search_term_string\"}}],\"inLanguage\":\"tr\"},{\"@type\":\"Organization\",\"@id\":\"https:\/\/rentacarpegasus.com\/#organization\",\"name\":\"Pegasus Rent a Car\",\"url\":\"https:\/\/rentacarpegasus.com\/\",\"logo\":{\"@type\":\"ImageObject\",\"inLanguage\":\"tr\",\"@id\":\"https:\/\/rentacarpegasus.com\/#\/schema\/logo\/image\/\",\"url\":\"https:\/\/rentacarpegasus.com\/wp-content\/uploads\/2025\/06\/PEGASUS-logo-beyaz-web.webp\",\"contentUrl\":\"https:\/\/rentacarpegasus.com\/wp-content\/uploads\/2025\/06\/PEGASUS-logo-beyaz-web.webp\",\"width\":380,\"height\":150,\"caption\":\"Pegasus Rent a Car\"},\"image\":{\"@id\":\"https:\/\/rentacarpegasus.com\/#\/schema\/logo\/image\/\"},\"sameAs\":[\"https:\/\/www.facebook.com\/pegasusrentacar\",\"https:\/\/www.instagram.com\/pegasusrentacar\/\",\"https:\/\/www.discovercars.com\/tr\/partners\/pegasusrentacar-355223?gad_source=1&gad_campaignid=22421471911&gbraid=0AAAAADL55j7QZ1k1eyyQ2uW-6JNyyREFf&gclid=Cj0KCQjwxdXBBhDEARIsAAUkP6jOIk_A9sgt4JSbpFuitGypjr3V_ZvIJeH1-_GExGR-pIYvsCIKw38aAuxbEALw_wcB&fbclid=PAZXh0bgNhZW0CMTEAAaeLhBtZ-hn6vG3BSTOutpNwhM2xPkNDq9TDiYcXUdADUWs5MZd3csxY4UZ_yw_aem_etKnMlSY9tgVi0FEDcRBnw\"]}]}<\/script>\n<!-- \/ Yoast SEO plugin. -->","yoast_head_json":{"title":"Fethiye \/ MU\u011eLA - Pegasus Rent a Car","description":"Pegasus Rent a Car , Yeni Mahalle Adnan Menderes Caddesi No:224Fethiye \/ Mu\u011fla . G\u00fcnl\u00fck - Haftal\u0131k - Ayl\u0131k Kiralamalar","robots":{"index":"index","follow":"follow","max-snippet":"max-snippet:-1","max-image-preview":"max-image-preview:large","max-video-preview":"max-video-preview:-1"},"canonical":"https:\/\/rentacarpegasus.com\/tr\/ofislerimiz\/fethiye-mugla\/","og_locale":"tr_TR","og_type":"article","og_title":"Fethiye \/ MU\u011eLA - Pegasus Rent a Car","og_description":"Pegasus Rent a Car , Yeni Mahalle Adnan Menderes Caddesi No:224Fethiye \/ Mu\u011fla . G\u00fcnl\u00fck - Haftal\u0131k - Ayl\u0131k Kiralamalar","og_url":"https:\/\/rentacarpegasus.com\/tr\/ofislerimiz\/fethiye-mugla\/","og_site_name":"Pegasus Rent a Car","article_publisher":"https:\/\/www.facebook.com\/pegasusrentacar","article_modified_time":"2025-08-24T07:43:38+00:00","og_image":[{"width":1536,"height":1024,"url":"https:\/\/rentacarpegasus.com\/wp-content\/uploads\/2025\/07\/pegasus_merkez_airport_2025_rentacarpegasus.webp","type":"image\/jpeg"}],"twitter_card":"summary_large_image","schema":{"@context":"https:\/\/schema.org","@graph":[{"@type":"WebPage","@id":"https:\/\/rentacarpegasus.com\/tr\/ofislerimiz\/fethiye-mugla\/","url":"https:\/\/rentacarpegasus.com\/tr\/ofislerimiz\/fethiye-mugla\/","name":"Fethiye \/ MU\u011eLA - Pegasus Rent a Car","isPartOf":{"@id":"https:\/\/rentacarpegasus.com\/#website"},"primaryImageOfPage":{"@id":"https:\/\/rentacarpegasus.com\/tr\/ofislerimiz\/fethiye-mugla\/#primaryimage"},"image":{"@id":"https:\/\/rentacarpegasus.com\/tr\/ofislerimiz\/fethiye-mugla\/#primaryimage"},"thumbnailUrl":"https:\/\/rentacarpegasus.com\/wp-content\/uploads\/2025\/07\/pegasus_merkez_airport_2025_rentacarpegasus.webp","datePublished":"2025-07-06T13:38:38+00:00","dateModified":"2025-08-24T07:43:38+00:00","description":"Pegasus Rent a Car , Yeni Mahalle Adnan Menderes Caddesi No:224Fethiye \/ Mu\u011fla . G\u00fcnl\u00fck - Haftal\u0131k - Ayl\u0131k Kiralamalar","breadcrumb":{"@id":"https:\/\/rentacarpegasus.com\/tr\/ofislerimiz\/fethiye-mugla\/#breadcrumb"},"inLanguage":"tr","potentialAction":[{"@type":"ReadAction","target":["https:\/\/rentacarpegasus.com\/tr\/ofislerimiz\/fethiye-mugla\/"]}]},{"@type":"ImageObject","inLanguage":"tr","@id":"https:\/\/rentacarpegasus.com\/tr\/ofislerimiz\/fethiye-mugla\/#primaryimage","url":"https:\/\/rentacarpegasus.com\/wp-content\/uploads\/2025\/07\/pegasus_merkez_airport_2025_rentacarpegasus.webp","contentUrl":"https:\/\/rentacarpegasus.com\/wp-content\/uploads\/2025\/07\/pegasus_merkez_airport_2025_rentacarpegasus.webp"},{"@type":"BreadcrumbList","@id":"https:\/\/rentacarpegasus.com\/tr\/ofislerimiz\/fethiye-mugla\/#breadcrumb","itemListElement":[{"@type":"ListItem","position":1,"name":"Home","item":"https:\/\/rentacarpegasus.com\/"},{"@type":"ListItem","position":2,"name":"Ofislerimiz","item":"https:\/\/rentacarpegasus.com\/tr\/ofislerimiz\/"},{"@type":"ListItem","position":3,"name":"Fethiye \/ MU\u011eLA"}]},{"@type":"WebSite","@id":"https:\/\/rentacarpegasus.com\/#website","url":"https:\/\/rentacarpegasus.com\/","name":"Pegasus Rent a Car","description":"Daily \u2022 Weekly \u2022 Monthly Rentals","publisher":{"@id":"https:\/\/rentacarpegasus.com\/#organization"},"potentialAction":[{"@type":"SearchAction","target":{"@type":"EntryPoint","urlTemplate":"https:\/\/rentacarpegasus.com\/?s={search_term_string}"},"query-input":{"@type":"PropertyValueSpecification","valueRequired":true,"valueName":"search_term_string"}}],"inLanguage":"tr"},{"@type":"Organization","@id":"https:\/\/rentacarpegasus.com\/#organization","name":"Pegasus Rent a Car","url":"https:\/\/rentacarpegasus.com\/","logo":{"@type":"ImageObject","inLanguage":"tr","@id":"https:\/\/rentacarpegasus.com\/#\/schema\/logo\/image\/","url":"https:\/\/rentacarpegasus.com\/wp-content\/uploads\/2025\/06\/PEGASUS-logo-beyaz-web.webp","contentUrl":"https:\/\/rentacarpegasus.com\/wp-content\/uploads\/2025\/06\/PEGASUS-logo-beyaz-web.webp","width":380,"height":150,"caption":"Pegasus Rent a Car"},"image":{"@id":"https:\/\/rentacarpegasus.com\/#\/schema\/logo\/image\/"},"sameAs":["https:\/\/www.facebook.com\/pegasusrentacar","https:\/\/www.instagram.com\/pegasusrentacar\/","https:\/\/www.discovercars.com\/tr\/partners\/pegasusrentacar-355223?gad_source=1&gad_campaignid=22421471911&gbraid=0AAAAADL55j7QZ1k1eyyQ2uW-6JNyyREFf&gclid=Cj0KCQjwxdXBBhDEARIsAAUkP6jOIk_A9sgt4JSbpFuitGypjr3V_ZvIJeH1-_GExGR-pIYvsCIKw38aAuxbEALw_wcB&fbclid=PAZXh0bgNhZW0CMTEAAaeLhBtZ-hn6vG3BSTOutpNwhM2xPkNDq9TDiYcXUdADUWs5MZd3csxY4UZ_yw_aem_etKnMlSY9tgVi0FEDcRBnw"]}]}},"_links":{"self":[{"href":"https:\/\/rentacarpegasus.com\/tr\/wp-json\/wp\/v2\/pages\/8872","targetHints":{"allow":["GET"]}}],"collection":[{"href":"https:\/\/rentacarpegasus.com\/tr\/wp-json\/wp\/v2\/pages"}],"about":[{"href":"https:\/\/rentacarpegasus.com\/tr\/wp-json\/wp\/v2\/types\/page"}],"author":[{"embeddable":true,"href":"https:\/\/rentacarpegasus.com\/tr\/wp-json\/wp\/v2\/users\/1"}],"replies":[{"embeddable":true,"href":"https:\/\/rentacarpegasus.com\/tr\/wp-json\/wp\/v2\/comments?post=8872"}],"version-history":[{"count":2,"href":"https:\/\/rentacarpegasus.com\/tr\/wp-json\/wp\/v2\/pages\/8872\/revisions"}],"predecessor-version":[{"id":9108,"href":"https:\/\/rentacarpegasus.com\/tr\/wp-json\/wp\/v2\/pages\/8872\/revisions\/9108"}],"up":[{"embeddable":true,"href":"https:\/\/rentacarpegasus.com\/tr\/wp-json\/wp\/v2\/pages\/8868"}],"wp:attachment":[{"href":"https:\/\/rentacarpegasus.com\/tr\/wp-json\/wp\/v2\/media?parent=8872"}],"curies":[{"name":"wp","href":"https:\/\/api.w.org\/{rel}","templated":true}]}}