{"id":8874,"date":"2025-07-06T13:37:58","date_gmt":"2025-07-06T13:37:58","guid":{"rendered":"https:\/\/rentacarpegasus.com\/ofislerimiz\/istanbul\/"},"modified":"2025-07-09T18:00:10","modified_gmt":"2025-07-09T18:00:10","slug":"istanbul","status":"publish","type":"page","link":"https:\/\/rentacarpegasus.com\/tr\/ofislerimiz\/istanbul\/","title":{"rendered":"istanbul"},"content":{"rendered":"\t\t<div data-elementor-type=\"wp-page\" data-elementor-id=\"8874\" class=\"elementor elementor-8874 elementor-8448\" data-elementor-post-type=\"page\">\n\t\t\t\t\t\t<section class=\"elementor-section elementor-top-section elementor-element elementor-element-2d6c6cfc elementor-section-boxed elementor-section-height-default elementor-section-height-default sc_fly_static\" data-id=\"2d6c6cfc\" data-element_type=\"section\">\n\t\t\t\t\t\t<div class=\"elementor-container elementor-column-gap-extended\">\n\t\t\t\t\t<div class=\"elementor-column elementor-col-50 elementor-top-column elementor-element elementor-element-2efa538 sc_content_align_inherit sc_layouts_column_icons_position_left sc_fly_static\" data-id=\"2efa538\" data-element_type=\"column\">\n\t\t\t<div class=\"elementor-widget-wrap elementor-element-populated\">\n\t\t\t\t\t\t<div class=\"elementor-element elementor-element-7dbfe989 sc_fly_static elementor-widget elementor-widget-image\" data-id=\"7dbfe989\" data-element_type=\"widget\" data-widget_type=\"image.default\">\n\t\t\t\t<div class=\"elementor-widget-container\">\n\t\t\t\t\t\t\t\t\t\t\t\t\t\t\t<img fetchpriority=\"high\" decoding=\"async\" width=\"1200\" height=\"860\" src=\"https:\/\/rentacarpegasus.com\/wp-content\/uploads\/2025\/07\/umraniye.jpg\" class=\"attachment-full size-full wp-image-8622\" alt=\"\" srcset=\"https:\/\/rentacarpegasus.com\/wp-content\/uploads\/2025\/07\/umraniye.jpg 1200w, https:\/\/rentacarpegasus.com\/wp-content\/uploads\/2025\/07\/umraniye-300x215.jpg 300w, https:\/\/rentacarpegasus.com\/wp-content\/uploads\/2025\/07\/umraniye-1024x734.jpg 1024w, https:\/\/rentacarpegasus.com\/wp-content\/uploads\/2025\/07\/umraniye-768x550.jpg 768w, https:\/\/rentacarpegasus.com\/wp-content\/uploads\/2025\/07\/umraniye-370x265.jpg 370w, https:\/\/rentacarpegasus.com\/wp-content\/uploads\/2025\/07\/umraniye-840x602.jpg 840w, https:\/\/rentacarpegasus.com\/wp-content\/uploads\/2025\/07\/umraniye-410x294.jpg 410w\" sizes=\"(max-width: 1200px) 100vw, 1200px\" \/>\t\t\t\t\t\t\t\t\t\t\t\t\t\t\t<\/div>\n\t\t\t\t<\/div>\n\t\t\t\t<div class=\"elementor-element elementor-element-786a8ed7 sc_fly_static elementor-widget elementor-widget-spacer\" data-id=\"786a8ed7\" data-element_type=\"widget\" data-widget_type=\"spacer.default\">\n\t\t\t\t<div class=\"elementor-widget-container\">\n\t\t\t\t\t\t\t<div class=\"elementor-spacer\">\n\t\t\t<div class=\"elementor-spacer-inner\"><\/div>\n\t\t<\/div>\n\t\t\t\t\t\t<\/div>\n\t\t\t\t<\/div>\n\t\t\t\t<div class=\"elementor-element elementor-element-7fd5c0f7 sc_fly_static elementor-widget elementor-widget-text-editor\" data-id=\"7fd5c0f7\" data-element_type=\"widget\" data-widget_type=\"text-editor.default\">\n\t\t\t\t<div class=\"elementor-widget-container\">\n\t\t\t\t\t\t\t\t\t<div class=\"elementor-element elementor-element-4a64b81 sc_fly_static elementor-widget elementor-widget-heading trx_addons_parallax_layers_inited trx_addons_parallax_blocks_inited\" data-id=\"4a64b81\" data-element_type=\"widget\" data-widget_type=\"heading.default\"><div class=\"elementor-widget-container\"><div class=\"elementor-element elementor-element-4a64b81 sc_fly_static elementor-widget elementor-widget-heading trx_addons_parallax_layers_inited trx_addons_parallax_blocks_inited\" data-id=\"4a64b81\" data-element_type=\"widget\" data-widget_type=\"heading.default\"><div class=\"elementor-widget-container\"><h4 class=\"elementor-heading-title elementor-size-default\">\u00dcmraniye\/ \u0130STANBUL<\/h4><p> <\/p><\/div><\/div><div class=\"elementor-element elementor-element-72bde51 animation_type_block sc_fly_static elementor-widget elementor-widget-trx_sc_icons trx_addons_parallax_layers_inited trx_addons_parallax_blocks_inited animated rentic-fadeinup\" data-animation-type=\"block\" data-id=\"72bde51\" data-element_type=\"widget\" data-settings=\"{\" data-widget_type=\"trx_sc_icons.default\"><div class=\"elementor-widget-container\"><div class=\"sc_icons sc_icons_simple sc_icons_size_small sc_align_none\"><div class=\"sc_icons_item with_more\"><div class=\"sc_icons_icon sc_icon_type_ icon-marker\"> <\/div><div class=\"sc_icons_item_details\"><div class=\"sc_icons_item_description\">\u015eerifali Mahallesi Ba\u015fer Sokak No:13 \u00dcmraniye \/ \u0130stanbul<\/div><\/div><\/div><div class=\"sc_icons_item sc_icons_item_linked with_more\"><div class=\"sc_icons_icon sc_icon_type_ icon-iphone\"> <\/div><div class=\"sc_icons_item_details\"><a class=\"sc_icons_item_more_link\" href=\"tel:+905334975258\"><span class=\"link_text\">+90 533 497 52 58<\/span><\/a><\/div><\/div><div class=\"sc_icons_item with_more\"><div class=\"sc_icons_icon sc_icon_type_ icon-envelope-2\"> <\/div><div class=\"sc_icons_item_details\"><div class=\"sc_icons_item_description\"><a class=\"underline_hover\" href=\"mailto:info@rescarfilo.com\">info@rescarfilo.com<\/a><\/div><\/div><\/div><\/div><\/div><\/div><\/div><\/div><div class=\"elementor-element elementor-element-8b1629b sc_fly_static elementor-widget elementor-widget-spacer trx_addons_parallax_layers_inited trx_addons_parallax_blocks_inited\" data-id=\"8b1629b\" data-element_type=\"widget\" data-widget_type=\"spacer.default\"><div class=\"elementor-widget-container\"><div class=\"elementor-spacer\"><div class=\"sc_icons_item with_more\"><div class=\"sc_icons_item_details\"> <\/div><\/div><\/div><\/div><\/div>\t\t\t\t\t\t\t\t<\/div>\n\t\t\t\t<\/div>\n\t\t\t\t\t<\/div>\n\t\t<\/div>\n\t\t\t\t<div class=\"elementor-column elementor-col-50 elementor-top-column elementor-element elementor-element-241dd7dd sc_content_align_inherit sc_layouts_column_icons_position_left sc_fly_static\" data-id=\"241dd7dd\" data-element_type=\"column\">\n\t\t\t<div class=\"elementor-widget-wrap elementor-element-populated\">\n\t\t\t\t\t\t<div class=\"elementor-element elementor-element-528b89b2 sc_fly_static elementor-widget elementor-widget-image\" data-id=\"528b89b2\" data-element_type=\"widget\" data-widget_type=\"image.default\">\n\t\t\t\t<div class=\"elementor-widget-container\">\n\t\t\t\t\t\t\t\t\t\t\t\t\t\t\t<img decoding=\"async\" width=\"1200\" height=\"860\" src=\"https:\/\/rentacarpegasus.com\/wp-content\/uploads\/2025\/07\/sabihagokcenhavalimani.jpg\" class=\"attachment-full size-full wp-image-8614\" alt=\"\" srcset=\"https:\/\/rentacarpegasus.com\/wp-content\/uploads\/2025\/07\/sabihagokcenhavalimani.jpg 1200w, https:\/\/rentacarpegasus.com\/wp-content\/uploads\/2025\/07\/sabihagokcenhavalimani-300x215.jpg 300w, https:\/\/rentacarpegasus.com\/wp-content\/uploads\/2025\/07\/sabihagokcenhavalimani-1024x734.jpg 1024w, https:\/\/rentacarpegasus.com\/wp-content\/uploads\/2025\/07\/sabihagokcenhavalimani-768x550.jpg 768w, https:\/\/rentacarpegasus.com\/wp-content\/uploads\/2025\/07\/sabihagokcenhavalimani-370x265.jpg 370w, https:\/\/rentacarpegasus.com\/wp-content\/uploads\/2025\/07\/sabihagokcenhavalimani-840x602.jpg 840w, https:\/\/rentacarpegasus.com\/wp-content\/uploads\/2025\/07\/sabihagokcenhavalimani-410x294.jpg 410w\" sizes=\"(max-width: 1200px) 100vw, 1200px\" \/>\t\t\t\t\t\t\t\t\t\t\t\t\t\t\t<\/div>\n\t\t\t\t<\/div>\n\t\t\t\t<div class=\"elementor-element elementor-element-61adcc05 sc_fly_static elementor-widget elementor-widget-spacer\" data-id=\"61adcc05\" data-element_type=\"widget\" data-widget_type=\"spacer.default\">\n\t\t\t\t<div class=\"elementor-widget-container\">\n\t\t\t\t\t\t\t<div class=\"elementor-spacer\">\n\t\t\t<div class=\"elementor-spacer-inner\"><\/div>\n\t\t<\/div>\n\t\t\t\t\t\t<\/div>\n\t\t\t\t<\/div>\n\t\t\t\t<div class=\"elementor-element elementor-element-3b306480 sc_fly_static elementor-widget elementor-widget-text-editor\" data-id=\"3b306480\" data-element_type=\"widget\" data-widget_type=\"text-editor.default\">\n\t\t\t\t<div class=\"elementor-widget-container\">\n\t\t\t\t\t\t\t\t\t<div class=\"elementor-element elementor-element-4a64b81 sc_fly_static elementor-widget elementor-widget-heading trx_addons_parallax_layers_inited trx_addons_parallax_blocks_inited\" data-id=\"4a64b81\" data-element_type=\"widget\" data-widget_type=\"heading.default\"><div class=\"elementor-widget-container\"><div class=\"elementor-element elementor-element-4a64b81 sc_fly_static elementor-widget elementor-widget-heading trx_addons_parallax_layers_inited trx_addons_parallax_blocks_inited\" data-id=\"4a64b81\" data-element_type=\"widget\" data-widget_type=\"heading.default\"><div class=\"elementor-widget-container\"><h4 class=\"elementor-heading-title elementor-size-default\">Sabiha G\u00f6k\u00e7en Havaliman\u0131 \/ iSTANBUL<br><br><\/h4><\/div><\/div><div class=\"elementor-element elementor-element-72bde51 animation_type_block sc_fly_static elementor-widget elementor-widget-trx_sc_icons trx_addons_parallax_layers_inited trx_addons_parallax_blocks_inited animated rentic-fadeinup\" data-animation-type=\"block\" data-id=\"72bde51\" data-element_type=\"widget\" data-settings=\"{\" data-widget_type=\"trx_sc_icons.default\"><div class=\"elementor-widget-container\"><div class=\"sc_icons sc_icons_simple sc_icons_size_small sc_align_none\"><div class=\"sc_icons_item with_more\"><div class=\"sc_icons_icon sc_icon_type_ icon-marker\"> <\/div><div class=\"sc_icons_item_details\"><div class=\"sc_icons_item_description\">Pendik Sabiha G\u00f6k\u00e7en Havaliman\u0131 \/ \u0130stanbul<\/div><\/div><\/div><div class=\"sc_icons_item sc_icons_item_linked with_more\"><div class=\"sc_icons_icon sc_icon_type_ icon-iphone\"> <\/div><div class=\"sc_icons_item_details\"><a class=\"sc_icons_item_more_link\" href=\"tel:+905334975258\"><span class=\"link_text\">+90 533 497 52 58<\/span><\/a><\/div><\/div><div class=\"sc_icons_item with_more\"><div class=\"sc_icons_icon sc_icon_type_ icon-envelope-2\"> <\/div><div class=\"sc_icons_item_details\"><div class=\"sc_icons_item_description\"><a class=\"underline_hover\" href=\"mailto:info@rescarfilo.com\">info@rescarfilo.com<\/a><\/div><\/div><\/div><\/div><\/div><\/div><\/div><\/div><div class=\"elementor-element elementor-element-8b1629b sc_fly_static elementor-widget elementor-widget-spacer trx_addons_parallax_layers_inited trx_addons_parallax_blocks_inited\" data-id=\"8b1629b\" data-element_type=\"widget\" data-widget_type=\"spacer.default\"><div class=\"elementor-widget-container\"><div class=\"elementor-spacer\"><div class=\"sc_icons_item with_more\"><div class=\"sc_icons_item_details\"> <\/div><\/div><\/div><\/div><\/div>\t\t\t\t\t\t\t\t<\/div>\n\t\t\t\t<\/div>\n\t\t\t\t\t<\/div>\n\t\t<\/div>\n\t\t\t\t\t<\/div>\n\t\t<\/section>\n\t\t\t\t<section class=\"elementor-section elementor-top-section elementor-element elementor-element-56e7029b elementor-section-boxed elementor-section-height-default elementor-section-height-default sc_fly_static\" data-id=\"56e7029b\" data-element_type=\"section\">\n\t\t\t\t\t\t<div class=\"elementor-container elementor-column-gap-extended\">\n\t\t\t\t\t<div class=\"elementor-column elementor-col-100 elementor-top-column elementor-element elementor-element-5361312a sc_content_align_inherit sc_layouts_column_icons_position_left sc_fly_static\" data-id=\"5361312a\" data-element_type=\"column\">\n\t\t\t<div class=\"elementor-widget-wrap\">\n\t\t\t\t\t\t\t<\/div>\n\t\t<\/div>\n\t\t\t\t\t<\/div>\n\t\t<\/section>\n\t\t\t\t<\/div>\n\t\t","protected":false},"excerpt":{"rendered":"<p>\u00dcmraniye\/ \u0130STANBUL \u015eerifali Mahallesi Ba\u015fer Sokak No:13 \u00dcmraniye \/ \u0130stanbul +90 533 497 52 58 info@rescarfilo.com Sabiha G\u00f6k\u00e7en Havaliman\u0131 \/ iSTANBUL Pendik Sabiha G\u00f6k\u00e7en Havaliman\u0131 \/ \u0130stanbul +90 533 497&hellip;<\/p>\n","protected":false},"author":1,"featured_media":0,"parent":8868,"menu_order":0,"comment_status":"closed","ping_status":"closed","template":"","meta":{"footnotes":""},"class_list":["post-8874","page","type-page","status-publish","hentry"],"yoast_head":"<!-- This site is optimized with the Yoast SEO plugin v26.0 - https:\/\/yoast.com\/wordpress\/plugins\/seo\/ -->\n<title>istanbul - Pegasus Rent a Car<\/title>\n<meta name=\"description\" content=\"Pegasus Rent a Car , \u015eerifali MahallesiBa\u015fer Sokak No:13\u00dcmraniye \/ \u0130stanbul. G\u00fcnl\u00fck - Haftal\u0131k - Ayl\u0131k Kiralamalar\" \/>\n<meta name=\"robots\" content=\"index, follow, max-snippet:-1, max-image-preview:large, max-video-preview:-1\" \/>\n<link rel=\"canonical\" href=\"https:\/\/rentacarpegasus.com\/tr\/ofislerimiz\/istanbul\/\" \/>\n<meta property=\"og:locale\" content=\"tr_TR\" \/>\n<meta property=\"og:type\" content=\"article\" \/>\n<meta property=\"og:title\" content=\"istanbul - Pegasus Rent a Car\" \/>\n<meta property=\"og:description\" content=\"Pegasus Rent a Car , \u015eerifali MahallesiBa\u015fer Sokak No:13\u00dcmraniye \/ \u0130stanbul. G\u00fcnl\u00fck - Haftal\u0131k - Ayl\u0131k Kiralamalar\" \/>\n<meta property=\"og:url\" content=\"https:\/\/rentacarpegasus.com\/tr\/ofislerimiz\/istanbul\/\" \/>\n<meta property=\"og:site_name\" content=\"Pegasus Rent a Car\" \/>\n<meta property=\"article:publisher\" content=\"https:\/\/www.facebook.com\/pegasusrentacar\" \/>\n<meta property=\"article:modified_time\" content=\"2025-07-09T18:00:10+00:00\" \/>\n<meta property=\"og:image\" content=\"https:\/\/rentacarpegasus.com\/wp-content\/uploads\/2025\/07\/umraniye.jpg\" \/>\n\t<meta property=\"og:image:width\" content=\"1200\" \/>\n\t<meta property=\"og:image:height\" content=\"860\" \/>\n\t<meta property=\"og:image:type\" content=\"image\/jpeg\" \/>\n<meta name=\"twitter:card\" content=\"summary_large_image\" \/>\n<script type=\"application\/ld+json\" class=\"yoast-schema-graph\">{\"@context\":\"https:\/\/schema.org\",\"@graph\":[{\"@type\":\"WebPage\",\"@id\":\"https:\/\/rentacarpegasus.com\/tr\/ofislerimiz\/istanbul\/\",\"url\":\"https:\/\/rentacarpegasus.com\/tr\/ofislerimiz\/istanbul\/\",\"name\":\"istanbul - Pegasus Rent a Car\",\"isPartOf\":{\"@id\":\"https:\/\/rentacarpegasus.com\/#website\"},\"primaryImageOfPage\":{\"@id\":\"https:\/\/rentacarpegasus.com\/tr\/ofislerimiz\/istanbul\/#primaryimage\"},\"image\":{\"@id\":\"https:\/\/rentacarpegasus.com\/tr\/ofislerimiz\/istanbul\/#primaryimage\"},\"thumbnailUrl\":\"https:\/\/rentacarpegasus.com\/wp-content\/uploads\/2025\/07\/umraniye.jpg\",\"datePublished\":\"2025-07-06T13:37:58+00:00\",\"dateModified\":\"2025-07-09T18:00:10+00:00\",\"description\":\"Pegasus Rent a Car , \u015eerifali MahallesiBa\u015fer Sokak No:13\u00dcmraniye \/ \u0130stanbul. G\u00fcnl\u00fck - Haftal\u0131k - Ayl\u0131k Kiralamalar\",\"breadcrumb\":{\"@id\":\"https:\/\/rentacarpegasus.com\/tr\/ofislerimiz\/istanbul\/#breadcrumb\"},\"inLanguage\":\"tr\",\"potentialAction\":[{\"@type\":\"ReadAction\",\"target\":[\"https:\/\/rentacarpegasus.com\/tr\/ofislerimiz\/istanbul\/\"]}]},{\"@type\":\"ImageObject\",\"inLanguage\":\"tr\",\"@id\":\"https:\/\/rentacarpegasus.com\/tr\/ofislerimiz\/istanbul\/#primaryimage\",\"url\":\"https:\/\/rentacarpegasus.com\/wp-content\/uploads\/2025\/07\/umraniye.jpg\",\"contentUrl\":\"https:\/\/rentacarpegasus.com\/wp-content\/uploads\/2025\/07\/umraniye.jpg\"},{\"@type\":\"BreadcrumbList\",\"@id\":\"https:\/\/rentacarpegasus.com\/tr\/ofislerimiz\/istanbul\/#breadcrumb\",\"itemListElement\":[{\"@type\":\"ListItem\",\"position\":1,\"name\":\"Home\",\"item\":\"https:\/\/rentacarpegasus.com\/\"},{\"@type\":\"ListItem\",\"position\":2,\"name\":\"Ofislerimiz\",\"item\":\"https:\/\/rentacarpegasus.com\/tr\/ofislerimiz\/\"},{\"@type\":\"ListItem\",\"position\":3,\"name\":\"istanbul\"}]},{\"@type\":\"WebSite\",\"@id\":\"https:\/\/rentacarpegasus.com\/#website\",\"url\":\"https:\/\/rentacarpegasus.com\/\",\"name\":\"Pegasus Rent a Car\",\"description\":\"Daily \u2022 Weekly \u2022 Monthly Rentals\",\"publisher\":{\"@id\":\"https:\/\/rentacarpegasus.com\/#organization\"},\"potentialAction\":[{\"@type\":\"SearchAction\",\"target\":{\"@type\":\"EntryPoint\",\"urlTemplate\":\"https:\/\/rentacarpegasus.com\/?s={search_term_string}\"},\"query-input\":{\"@type\":\"PropertyValueSpecification\",\"valueRequired\":true,\"valueName\":\"search_term_string\"}}],\"inLanguage\":\"tr\"},{\"@type\":\"Organization\",\"@id\":\"https:\/\/rentacarpegasus.com\/#organization\",\"name\":\"Pegasus Rent a Car\",\"url\":\"https:\/\/rentacarpegasus.com\/\",\"logo\":{\"@type\":\"ImageObject\",\"inLanguage\":\"tr\",\"@id\":\"https:\/\/rentacarpegasus.com\/#\/schema\/logo\/image\/\",\"url\":\"https:\/\/rentacarpegasus.com\/wp-content\/uploads\/2025\/06\/PEGASUS-logo-beyaz-web.webp\",\"contentUrl\":\"https:\/\/rentacarpegasus.com\/wp-content\/uploads\/2025\/06\/PEGASUS-logo-beyaz-web.webp\",\"width\":380,\"height\":150,\"caption\":\"Pegasus Rent a Car\"},\"image\":{\"@id\":\"https:\/\/rentacarpegasus.com\/#\/schema\/logo\/image\/\"},\"sameAs\":[\"https:\/\/www.facebook.com\/pegasusrentacar\",\"https:\/\/www.instagram.com\/pegasusrentacar\/\",\"https:\/\/www.discovercars.com\/tr\/partners\/pegasusrentacar-355223?gad_source=1&gad_campaignid=22421471911&gbraid=0AAAAADL55j7QZ1k1eyyQ2uW-6JNyyREFf&gclid=Cj0KCQjwxdXBBhDEARIsAAUkP6jOIk_A9sgt4JSbpFuitGypjr3V_ZvIJeH1-_GExGR-pIYvsCIKw38aAuxbEALw_wcB&fbclid=PAZXh0bgNhZW0CMTEAAaeLhBtZ-hn6vG3BSTOutpNwhM2xPkNDq9TDiYcXUdADUWs5MZd3csxY4UZ_yw_aem_etKnMlSY9tgVi0FEDcRBnw\"]}]}<\/script>\n<!-- \/ Yoast SEO plugin. -->","yoast_head_json":{"title":"istanbul - Pegasus Rent a Car","description":"Pegasus Rent a Car , \u015eerifali MahallesiBa\u015fer Sokak No:13\u00dcmraniye \/ \u0130stanbul. G\u00fcnl\u00fck - Haftal\u0131k - Ayl\u0131k Kiralamalar","robots":{"index":"index","follow":"follow","max-snippet":"max-snippet:-1","max-image-preview":"max-image-preview:large","max-video-preview":"max-video-preview:-1"},"canonical":"https:\/\/rentacarpegasus.com\/tr\/ofislerimiz\/istanbul\/","og_locale":"tr_TR","og_type":"article","og_title":"istanbul - Pegasus Rent a Car","og_description":"Pegasus Rent a Car , \u015eerifali MahallesiBa\u015fer Sokak No:13\u00dcmraniye \/ \u0130stanbul. G\u00fcnl\u00fck - Haftal\u0131k - Ayl\u0131k Kiralamalar","og_url":"https:\/\/rentacarpegasus.com\/tr\/ofislerimiz\/istanbul\/","og_site_name":"Pegasus Rent a Car","article_publisher":"https:\/\/www.facebook.com\/pegasusrentacar","article_modified_time":"2025-07-09T18:00:10+00:00","og_image":[{"width":1200,"height":860,"url":"https:\/\/rentacarpegasus.com\/wp-content\/uploads\/2025\/07\/umraniye.jpg","type":"image\/jpeg"}],"twitter_card":"summary_large_image","schema":{"@context":"https:\/\/schema.org","@graph":[{"@type":"WebPage","@id":"https:\/\/rentacarpegasus.com\/tr\/ofislerimiz\/istanbul\/","url":"https:\/\/rentacarpegasus.com\/tr\/ofislerimiz\/istanbul\/","name":"istanbul - Pegasus Rent a Car","isPartOf":{"@id":"https:\/\/rentacarpegasus.com\/#website"},"primaryImageOfPage":{"@id":"https:\/\/rentacarpegasus.com\/tr\/ofislerimiz\/istanbul\/#primaryimage"},"image":{"@id":"https:\/\/rentacarpegasus.com\/tr\/ofislerimiz\/istanbul\/#primaryimage"},"thumbnailUrl":"https:\/\/rentacarpegasus.com\/wp-content\/uploads\/2025\/07\/umraniye.jpg","datePublished":"2025-07-06T13:37:58+00:00","dateModified":"2025-07-09T18:00:10+00:00","description":"Pegasus Rent a Car , \u015eerifali MahallesiBa\u015fer Sokak No:13\u00dcmraniye \/ \u0130stanbul. G\u00fcnl\u00fck - Haftal\u0131k - Ayl\u0131k Kiralamalar","breadcrumb":{"@id":"https:\/\/rentacarpegasus.com\/tr\/ofislerimiz\/istanbul\/#breadcrumb"},"inLanguage":"tr","potentialAction":[{"@type":"ReadAction","target":["https:\/\/rentacarpegasus.com\/tr\/ofislerimiz\/istanbul\/"]}]},{"@type":"ImageObject","inLanguage":"tr","@id":"https:\/\/rentacarpegasus.com\/tr\/ofislerimiz\/istanbul\/#primaryimage","url":"https:\/\/rentacarpegasus.com\/wp-content\/uploads\/2025\/07\/umraniye.jpg","contentUrl":"https:\/\/rentacarpegasus.com\/wp-content\/uploads\/2025\/07\/umraniye.jpg"},{"@type":"BreadcrumbList","@id":"https:\/\/rentacarpegasus.com\/tr\/ofislerimiz\/istanbul\/#breadcrumb","itemListElement":[{"@type":"ListItem","position":1,"name":"Home","item":"https:\/\/rentacarpegasus.com\/"},{"@type":"ListItem","position":2,"name":"Ofislerimiz","item":"https:\/\/rentacarpegasus.com\/tr\/ofislerimiz\/"},{"@type":"ListItem","position":3,"name":"istanbul"}]},{"@type":"WebSite","@id":"https:\/\/rentacarpegasus.com\/#website","url":"https:\/\/rentacarpegasus.com\/","name":"Pegasus Rent a Car","description":"Daily \u2022 Weekly \u2022 Monthly Rentals","publisher":{"@id":"https:\/\/rentacarpegasus.com\/#organization"},"potentialAction":[{"@type":"SearchAction","target":{"@type":"EntryPoint","urlTemplate":"https:\/\/rentacarpegasus.com\/?s={search_term_string}"},"query-input":{"@type":"PropertyValueSpecification","valueRequired":true,"valueName":"search_term_string"}}],"inLanguage":"tr"},{"@type":"Organization","@id":"https:\/\/rentacarpegasus.com\/#organization","name":"Pegasus Rent a Car","url":"https:\/\/rentacarpegasus.com\/","logo":{"@type":"ImageObject","inLanguage":"tr","@id":"https:\/\/rentacarpegasus.com\/#\/schema\/logo\/image\/","url":"https:\/\/rentacarpegasus.com\/wp-content\/uploads\/2025\/06\/PEGASUS-logo-beyaz-web.webp","contentUrl":"https:\/\/rentacarpegasus.com\/wp-content\/uploads\/2025\/06\/PEGASUS-logo-beyaz-web.webp","width":380,"height":150,"caption":"Pegasus Rent a Car"},"image":{"@id":"https:\/\/rentacarpegasus.com\/#\/schema\/logo\/image\/"},"sameAs":["https:\/\/www.facebook.com\/pegasusrentacar","https:\/\/www.instagram.com\/pegasusrentacar\/","https:\/\/www.discovercars.com\/tr\/partners\/pegasusrentacar-355223?gad_source=1&gad_campaignid=22421471911&gbraid=0AAAAADL55j7QZ1k1eyyQ2uW-6JNyyREFf&gclid=Cj0KCQjwxdXBBhDEARIsAAUkP6jOIk_A9sgt4JSbpFuitGypjr3V_ZvIJeH1-_GExGR-pIYvsCIKw38aAuxbEALw_wcB&fbclid=PAZXh0bgNhZW0CMTEAAaeLhBtZ-hn6vG3BSTOutpNwhM2xPkNDq9TDiYcXUdADUWs5MZd3csxY4UZ_yw_aem_etKnMlSY9tgVi0FEDcRBnw"]}]}},"_links":{"self":[{"href":"https:\/\/rentacarpegasus.com\/tr\/wp-json\/wp\/v2\/pages\/8874","targetHints":{"allow":["GET"]}}],"collection":[{"href":"https:\/\/rentacarpegasus.com\/tr\/wp-json\/wp\/v2\/pages"}],"about":[{"href":"https:\/\/rentacarpegasus.com\/tr\/wp-json\/wp\/v2\/types\/page"}],"author":[{"embeddable":true,"href":"https:\/\/rentacarpegasus.com\/tr\/wp-json\/wp\/v2\/users\/1"}],"replies":[{"embeddable":true,"href":"https:\/\/rentacarpegasus.com\/tr\/wp-json\/wp\/v2\/comments?post=8874"}],"version-history":[{"count":1,"href":"https:\/\/rentacarpegasus.com\/tr\/wp-json\/wp\/v2\/pages\/8874\/revisions"}],"predecessor-version":[{"id":8875,"href":"https:\/\/rentacarpegasus.com\/tr\/wp-json\/wp\/v2\/pages\/8874\/revisions\/8875"}],"up":[{"embeddable":true,"href":"https:\/\/rentacarpegasus.com\/tr\/wp-json\/wp\/v2\/pages\/8868"}],"wp:attachment":[{"href":"https:\/\/rentacarpegasus.com\/tr\/wp-json\/wp\/v2\/media?parent=8874"}],"curies":[{"name":"wp","href":"https:\/\/api.w.org\/{rel}","templated":true}]}}